{"id":3,"date":"2024-05-08T21:41:45","date_gmt":"2024-05-08T21:41:45","guid":{"rendered":"https:\/\/creativinculo.com\/en\/?page_id=3"},"modified":"2024-05-29T20:32:16","modified_gmt":"2024-05-29T20:32:16","slug":"privacy-policy","status":"publish","type":"page","link":"https:\/\/creativinculo.com\/en\/privacy-policy\/","title":{"rendered":"Privacy Policy"},"content":{"rendered":"<p>[et_pb_section fb_built=&#8221;1&#8243; _builder_version=&#8221;4.16&#8243; global_colors_info=&#8221;{}&#8221;][et_pb_row _builder_version=&#8221;4.16&#8243; background_size=&#8221;initial&#8221; background_position=&#8221;top_left&#8221; background_repeat=&#8221;repeat&#8221; global_colors_info=&#8221;{}&#8221;][et_pb_column type=&#8221;4_4&#8243; _builder_version=&#8221;4.16&#8243; custom_padding=&#8221;|||&#8221; global_colors_info=&#8221;{}&#8221; custom_padding__hover=&#8221;|||&#8221;][et_pb_text _builder_version=&#8221;4.25.1&#8243; background_size=&#8221;initial&#8221; background_position=&#8221;top_left&#8221; background_repeat=&#8221;repeat&#8221; hover_enabled=&#8221;0&#8243; global_colors_info=&#8221;{}&#8221; sticky_enabled=&#8221;0&#8243;]<\/p>\n<h3 style=\"text-align: center;\"><strong>PRIVACY POLICY<\/strong><\/h3>\n<p><span style=\"font-weight: 400;\">COMMERCE GRENAVEL S.A. DE C.V. (&#8220;CreatiV\u00ednculo&#8221;) is a company incorporated under Mexican law, which provides professional services in the area of digital marketing, with its registered office in Mexico City; and in accordance with the provisions of the Federal Law on the Protection of Personal Data Held by Private Parties (\u201cLFPDPPP\u201d), is committed to the protection of Personal Data (\u201cData\u201d) of all persons who access the domain <\/span><a href=\"https:\/\/creativinculo.com\/\"><span style=\"font-weight: 400;\">https:\/\/creativinculo.com\/<\/span><\/a><span style=\"font-weight: 400;\"> (\u201cWebsite\u201d). CreatiV\u00ednculo assumes responsibility for the use, handling, and confidentiality of this Data through this Privacy Notice (the \u201cNotice\u201d).<\/span><\/p>\n<p><span style=\"font-weight: 400;\">CreatiV\u00ednculo is dedicated to safeguarding the rights of privacy, intimacy, and good reputation in the handling of personal data, always acting in accordance with the principles outlined in Articles 6 and 16 of the LFPDPPP.<\/span><\/p>\n<p><span style=\"font-weight: 400;\">Additionally, CreatiV\u00ednculo reserves the right to update this Notice at any time. Modifications will be reflected by publishing the revised terms on the Services, and the &#8220;last updated&#8221; date will be adjusted accordingly, located at the top of the document.<\/span><\/p>\n<ol>\n<li><b> What personal data do we collect?<\/b><\/li>\n<\/ol>\n<p><span style=\"font-weight: 400;\">At CreatiV\u00ednculo, we collect Data that you actively send us, and we may process your personal data with or without automated means, which includes the collection, organization, storage, analysis, consultation, use, disclosure by transmission, combination, restriction, deletion, or destruction of User Data.<\/span><\/p>\n<ol>\n<li><span style=\"font-weight: 400;\"> Actively submitted data: The User sends CreatiV\u00ednculo their Data when they register on our form, which aims to initiate a dialogue that allows the exchange of information, consisting of: (i) Full Name; (ii) Email Address; and (iii) Name of the Company where they work or own.<\/span><\/li>\n<\/ol>\n<p><span style=\"font-weight: 400;\">When you visit our Website, information that the web browser sends each time you visit a website may be collected. This information may include, but is not limited to, your Internet Protocol address (IP address), browser type, operating system, language preference, any web page you visited before that referred you to our site, date and time of each visitor request, information searched on our resources, and other information collected by cookies or similar technologies. See the Cookie Preferences tool (\u201cCookie Tool\u201d) posted on our Website to learn more about cookies, including the types of cookies and the specific cookies we use. However, if you do not accept cookies, you may not be able to use some sections or functions of our sites or applications, as described in the Cookie Tool.<\/span><\/p>\n<ol start=\"2\">\n<li><b> What are the reasons for processing personal data?<\/b><\/li>\n<\/ol>\n<p><span style=\"font-weight: 400;\">We process your Data for various purposes; however, the main ones are: (i) To identify, recognize, and validate the identity of Users who wish to join CreatiV\u00ednculo; (ii) to manage, operate, and follow up on the Services contracted with CreatiV\u00ednculo; (iii) To send emails with information about the contracted Services; (iv) To respond to doubts, complaints, comments, requests, and to provide customer service; (v) To comply with the obligations established by the LFPDPPP, as well as the competent authorities; (vi) For market, advertising, and\/or commercial prospecting purposes; and (vii) To use customer and\/or user testimonials for purely advertising and commercial purposes related to the Services offered by CreatiV\u00ednculo.<\/span><\/p>\n<p><span style=\"font-weight: 400;\">We may also use your personal data for internal purposes, such as auditing, data analysis, troubleshooting, and research. In these cases, we base our processing on the legitimate interest of performing CreatiV\u00ednculo&#8217;s activities.<\/span><\/p>\n<ol start=\"3\">\n<li><b> Who do we share personal data with?<\/b><\/li>\n<\/ol>\n<p><span style=\"font-weight: 400;\">We share your personal data with third parties under the following circumstances:<\/span><\/p>\n<ul>\n<li style=\"font-weight: 400;\" aria-level=\"1\"><span style=\"font-weight: 400;\">Third-party service providers: CreatiV\u00ednculo may provide Data to third parties to process it on our behalf as data processors (e.g., payment processing, maintenance, security, data analysis, web hosting, measurement services, social media messaging controlled by data, surveys, etc.). In such cases, in accordance with this notice and applicable law, providers will be contractually obligated to protect Data against any further processing (including for marketing purposes) or transfer.<\/span><\/li>\n<li style=\"font-weight: 400;\" aria-level=\"1\"><span style=\"font-weight: 400;\">Legal requirements: CreatiV\u00ednculo may access and disclose your Data if we have a good faith reason to believe that such disclosure is required by a subpoena, court order, or administrative order or if required by law in any other way. Additionally, we may disclose your personal information or other information as required by law or to exercise or defend legal rights; to take precautions to avoid incurring in issues related to civil liability; to protect the rights, property, or safety of the resource, any person, or the general public; to maintain and protect the security and integrity of our services or infrastructure; to protect ourselves and our services from fraudulent, abusive, or illegal uses; to investigate and defend against third-party claims or allegations; or to assist law enforcement agencies.<\/span><\/li>\n<\/ul>\n<ol start=\"4\">\n<li><b> How do we protect personal data?<\/b><\/li>\n<\/ol>\n<p><span style=\"font-weight: 400;\">We apply technical and organizational measures to protect the Data we receive to prevent its loss, misuse, and unauthorized alteration and to protect its confidentiality. We periodically review our security procedures and consider new security technologies and methods.<\/span><\/p>\n<ol start=\"5\">\n<li><b> How long do we retain personal data?<\/b><\/li>\n<\/ol>\n<p><span style=\"font-weight: 400;\">We retain the collected Data, including the information collected, for a reasonable period to fulfill the aforementioned processing purposes. Then, we archive it for the period required by law or for other legal considerations. When archiving is no longer necessary, we delete the Data from our records.<\/span><\/p>\n<ol start=\"6\">\n<li><b> How can you access and correct your personal data?<\/b><\/li>\n<\/ol>\n<p><span style=\"font-weight: 400;\">We strive to maintain the accuracy of the Data and rely on you to ensure that your personal data is complete and accurate. The User may exercise any of the Access, Rectification, Cancellation, or Opposition (ARCO) rights, which are listed and explained below:<\/span><\/p>\n<ul>\n<li style=\"font-weight: 400;\" aria-level=\"1\"><span style=\"font-weight: 400;\">Access: The User may request information about the personal data that CreatiV\u00ednculo has stored and how it is used.<\/span><\/li>\n<li style=\"font-weight: 400;\" aria-level=\"1\"><span style=\"font-weight: 400;\">Rectification: If the personal data that CreatiV\u00ednculo has is incorrect or incomplete, the User may request its correction or update.<\/span><\/li>\n<li style=\"font-weight: 400;\" aria-level=\"1\"><span style=\"font-weight: 400;\">Cancellation: If the User wishes to have their personal data deleted from CreatiV\u00ednculo&#8217;s database, they can request its cancellation.<\/span><\/li>\n<li style=\"font-weight: 400;\" aria-level=\"1\"><span style=\"font-weight: 400;\">Opposition: The User has the right to oppose the processing of their personal data for specific purposes, such as sending commercial communications.<\/span><\/li>\n<\/ul>\n<p><span style=\"font-weight: 400;\">The User must send an email to the address atencion@creativinculo.com to exercise their rights, using a free-form format addressed to CreatiV\u00ednculo and containing all the elements to attend the request. The ARCO request must contain and be accompanied by the provisions outlined in Article 29 of the LFPDPPP, among others, summarized as follows:<\/span><\/p>\n<ul>\n<li style=\"font-weight: 400;\" aria-level=\"1\"><span style=\"font-weight: 400;\">The name of the holder and address or another means to communicate the response to their request;<\/span><\/li>\n<li style=\"font-weight: 400;\" aria-level=\"1\"><span style=\"font-weight: 400;\">The documents that prove the identity or, where appropriate, the legal representation of the holder;<\/span><\/li>\n<li style=\"font-weight: 400;\" aria-level=\"1\"><span style=\"font-weight: 400;\">A clear and precise description of the personal data for which any of the aforementioned rights are to be exercised; and<\/span><\/li>\n<li style=\"font-weight: 400;\" aria-level=\"1\"><span style=\"font-weight: 400;\">Any other element or document that facilitates the location of personal data.<\/span><\/li>\n<\/ul>\n<ol start=\"7\">\n<li><b> Competent Authorities<\/b><\/li>\n<\/ol>\n<p><span style=\"font-weight: 400;\">If deemed necessary, CreatiV\u00ednculo informs the User that they have the right to approach the National Institute of Transparency, Access to Information, and Protection of Personal Data (INAI) to assert any dissatisfaction related to the processing of their personal data by CreatiV\u00ednculo.<\/span><\/p>\n<ol start=\"8\">\n<li><b> Contact us<\/b><\/li>\n<\/ol>\n<p><span style=\"font-weight: 400;\">Questions regarding this Notice or the security of the Data we process can be sent via our email address atencion@creativinculo.com.<\/span>[\/et_pb_text][\/et_pb_column][\/et_pb_row][\/et_pb_section]<\/p>\n","protected":false},"excerpt":{"rendered":"<p>PRIVACY POLICY COMMERCE GRENAVEL S.A. DE C.V. (&#8220;CreatiV\u00ednculo&#8221;) is a company incorporated under Mexican law, which provides professional services in the area of digital marketing, with its registered office in Mexico City; and in accordance with the provisions of the Federal Law on the Protection of Personal Data Held by Private Parties (\u201cLFPDPPP\u201d), is committed [&hellip;]<\/p>\n","protected":false},"author":1,"featured_media":0,"parent":0,"menu_order":0,"comment_status":"closed","ping_status":"closed","template":"","meta":{"_et_pb_use_builder":"on","_et_pb_old_content":"<!-- wp:heading -->\n<h2 class=\"wp-block-heading\">Qui\u00e9nes somos<\/h2>\n<!-- \/wp:heading -->\n\n<!-- wp:paragraph -->\n<p><strong class=\"privacy-policy-tutorial\">Texto sugerido: <\/strong>La direcci\u00f3n de nuestra web es: https:\/\/creativinculo.com\/en.<\/p>\n<!-- \/wp:paragraph -->\n\n<!-- wp:heading -->\n<h2 class=\"wp-block-heading\">Comentarios<\/h2>\n<!-- \/wp:heading -->\n\n<!-- wp:paragraph -->\n<p><strong class=\"privacy-policy-tutorial\">Texto sugerido: <\/strong>Cuando los visitantes dejan comentarios en la web, recopilamos los datos que se muestran en el formulario de comentarios, as\u00ed como la direcci\u00f3n IP del visitante y la cadena de agentes de usuario del navegador para ayudar a la detecci\u00f3n de spam.<\/p>\n<!-- \/wp:paragraph -->\n\n<!-- wp:paragraph -->\n<p>Una cadena an\u00f3nima creada a partir de tu direcci\u00f3n de correo electr\u00f3nico (tambi\u00e9n llamada hash) puede ser proporcionada al servicio de Gravatar para ver si la est\u00e1s usando. La pol\u00edtica de privacidad del servicio Gravatar est\u00e1 disponible aqu\u00ed: https:\/\/automattic.com\/privacy\/. Despu\u00e9s de la aprobaci\u00f3n de tu comentario, la imagen de tu perfil es visible para el p\u00fablico en el contexto de su comentario.<\/p>\n<!-- \/wp:paragraph -->\n\n<!-- wp:heading -->\n<h2 class=\"wp-block-heading\">Medios<\/h2>\n<!-- \/wp:heading -->\n\n<!-- wp:paragraph -->\n<p><strong class=\"privacy-policy-tutorial\">Texto sugerido: <\/strong>Si subes im\u00e1genes a la web deber\u00edas evitar subir im\u00e1genes con datos de ubicaci\u00f3n (GPS EXIF) incluidos. Los visitantes de la web pueden descargar y extraer cualquier dato de localizaci\u00f3n de las im\u00e1genes de la web.<\/p>\n<!-- \/wp:paragraph -->\n\n<!-- wp:heading -->\n<h2 class=\"wp-block-heading\">Cookies<\/h2>\n<!-- \/wp:heading -->\n\n<!-- wp:paragraph -->\n<p><strong class=\"privacy-policy-tutorial\">Texto sugerido: <\/strong>Si dejas un comentario en nuestro sitio puedes elegir guardar tu nombre, direcci\u00f3n de correo electr\u00f3nico y web en cookies. Esto es para tu comodidad, para que no tengas que volver a rellenar tus datos cuando dejes otro comentario. Estas cookies tendr\u00e1n una duraci\u00f3n de un a\u00f1o.<\/p>\n<!-- \/wp:paragraph -->\n\n<!-- wp:paragraph -->\n<p>Si tienes una cuenta y te conectas a este sitio, instalaremos una cookie temporal para determinar si tu navegador acepta cookies. Esta cookie no contiene datos personales y se elimina al cerrar el navegador.<\/p>\n<!-- \/wp:paragraph -->\n\n<!-- wp:paragraph -->\n<p>Cuando inicias sesi\u00f3n, tambi\u00e9n instalaremos varias cookies para guardar tu informaci\u00f3n de inicio de sesi\u00f3n y tus opciones de visualizaci\u00f3n de pantalla. Las cookies de inicio de sesi\u00f3n duran dos d\u00edas, y las cookies de opciones de pantalla duran un a\u00f1o. Si seleccionas \"Recordarme\", tu inicio de sesi\u00f3n perdurar\u00e1 durante dos semanas. Si sales de tu cuenta, las cookies de inicio de sesi\u00f3n se eliminar\u00e1n.<\/p>\n<!-- \/wp:paragraph -->\n\n<!-- wp:paragraph -->\n<p>Si editas o publicas un art\u00edculo se guardar\u00e1 una cookie adicional en tu navegador. Esta cookie no incluye datos personales y simplemente indica el ID del art\u00edculo que acabas de editar. Caduca despu\u00e9s de 1 d\u00eda.<\/p>\n<!-- \/wp:paragraph -->\n\n<!-- wp:heading -->\n<h2 class=\"wp-block-heading\">Contenido incrustado de otros sitios web<\/h2>\n<!-- \/wp:heading -->\n\n<!-- wp:paragraph -->\n<p><strong class=\"privacy-policy-tutorial\">Texto sugerido: <\/strong>Los art\u00edculos de este sitio pueden incluir contenido incrustado (por ejemplo, v\u00eddeos, im\u00e1genes, art\u00edculos, etc.). El contenido incrustado de otras web se comporta exactamente de la misma manera que si el visitante hubiera visitado la otra web.<\/p>\n<!-- \/wp:paragraph -->\n\n<!-- wp:paragraph -->\n<p>Estas web pueden recopilar datos sobre ti, utilizar cookies, incrustar un seguimiento adicional de terceros, y supervisar tu interacci\u00f3n con ese contenido incrustado, incluido el seguimiento de tu interacci\u00f3n con el contenido incrustado si tienes una cuenta y est\u00e1s conectado a esa web.<\/p>\n<!-- \/wp:paragraph -->\n\n<!-- wp:heading -->\n<h2 class=\"wp-block-heading\">Con qui\u00e9n compartimos tus datos<\/h2>\n<!-- \/wp:heading -->\n\n<!-- wp:paragraph -->\n<p><strong class=\"privacy-policy-tutorial\">Texto sugerido: <\/strong>Si solicitas un restablecimiento de contrase\u00f1a, tu direcci\u00f3n IP ser\u00e1 incluida en el correo electr\u00f3nico de restablecimiento.<\/p>\n<!-- \/wp:paragraph -->\n\n<!-- wp:heading -->\n<h2 class=\"wp-block-heading\">Cu\u00e1nto tiempo conservamos tus datos<\/h2>\n<!-- \/wp:heading -->\n\n<!-- wp:paragraph -->\n<p><strong class=\"privacy-policy-tutorial\">Texto sugerido: <\/strong>Si dejas un comentario, el comentario y sus metadatos se conservan indefinidamente. Esto es para que podamos reconocer y aprobar comentarios sucesivos autom\u00e1ticamente en lugar de mantenerlos en una cola de moderaci\u00f3n.<\/p>\n<!-- \/wp:paragraph -->\n\n<!-- wp:paragraph -->\n<p>De los usuarios que se registran en nuestra web (si los hay), tambi\u00e9n almacenamos la informaci\u00f3n personal que proporcionan en su perfil de usuario. Todos los usuarios pueden ver, editar o eliminar su informaci\u00f3n personal en cualquier momento (excepto que no pueden cambiar su nombre de usuario). Los administradores de la web tambi\u00e9n pueden ver y editar esa informaci\u00f3n.<\/p>\n<!-- \/wp:paragraph -->\n\n<!-- wp:heading -->\n<h2 class=\"wp-block-heading\">Qu\u00e9 derechos tienes sobre tus datos<\/h2>\n<!-- \/wp:heading -->\n\n<!-- wp:paragraph -->\n<p><strong class=\"privacy-policy-tutorial\">Texto sugerido: <\/strong>Si tienes una cuenta o has dejado comentarios en esta web, puedes solicitar recibir un archivo de exportaci\u00f3n de los datos personales que tenemos sobre ti, incluyendo cualquier dato que nos hayas proporcionado. Tambi\u00e9n puedes solicitar que eliminemos cualquier dato personal que tengamos sobre ti. Esto no incluye ning\u00fan dato que estemos obligados a conservar con fines administrativos, legales o de seguridad.<\/p>\n<!-- \/wp:paragraph -->\n\n<!-- wp:heading -->\n<h2 class=\"wp-block-heading\">D\u00f3nde se env\u00edan tus datos<\/h2>\n<!-- \/wp:heading -->\n\n<!-- wp:paragraph -->\n<p><strong class=\"privacy-policy-tutorial\">Texto sugerido: <\/strong>Los comentarios de los visitantes puede que los revise un servicio de detecci\u00f3n autom\u00e1tica de spam.<\/p>\n<!-- \/wp:paragraph -->\n\n<!-- wp:spacer -->\n<div style=\"height:100px\" aria-hidden=\"true\" class=\"wp-block-spacer\"><\/div>\n<!-- \/wp:spacer -->","_et_gb_content_width":"1080","footnotes":""},"class_list":["post-3","page","type-page","status-publish","hentry"],"_links":{"self":[{"href":"https:\/\/creativinculo.com\/en\/wp-json\/wp\/v2\/pages\/3","targetHints":{"allow":["GET"]}}],"collection":[{"href":"https:\/\/creativinculo.com\/en\/wp-json\/wp\/v2\/pages"}],"about":[{"href":"https:\/\/creativinculo.com\/en\/wp-json\/wp\/v2\/types\/page"}],"author":[{"embeddable":true,"href":"https:\/\/creativinculo.com\/en\/wp-json\/wp\/v2\/users\/1"}],"replies":[{"embeddable":true,"href":"https:\/\/creativinculo.com\/en\/wp-json\/wp\/v2\/comments?post=3"}],"version-history":[{"count":6,"href":"https:\/\/creativinculo.com\/en\/wp-json\/wp\/v2\/pages\/3\/revisions"}],"predecessor-version":[{"id":374,"href":"https:\/\/creativinculo.com\/en\/wp-json\/wp\/v2\/pages\/3\/revisions\/374"}],"wp:attachment":[{"href":"https:\/\/creativinculo.com\/en\/wp-json\/wp\/v2\/media?parent=3"}],"curies":[{"name":"wp","href":"https:\/\/api.w.org\/{rel}","templated":true}]}}